{"id":24,"date":"2021-05-01T23:01:05","date_gmt":"2021-05-01T21:01:05","guid":{"rendered":"http:\/\/martos-psychologue.fr\/?page_id=24"},"modified":"2024-09-11T11:31:36","modified_gmt":"2024-09-11T09:31:36","slug":"presentation","status":"publish","type":"page","link":"https:\/\/martos-psychologue.fr\/?page_id=24","title":{"rendered":"Pr\u00e9sentation"},"content":{"rendered":"\t\t<div data-elementor-type=\"wp-page\" data-elementor-id=\"24\" class=\"elementor elementor-24\">\n\t\t\t\t\t\t<section class=\"elementor-section elementor-top-section elementor-element elementor-element-2f3b4844 elementor-section-stretched elementor-section-boxed elementor-section-height-default elementor-section-height-default\" data-id=\"2f3b4844\" data-element_type=\"section\" data-e-type=\"section\" data-settings=\"{&quot;stretch_section&quot;:&quot;section-stretched&quot;}\">\n\t\t\t\t\t\t<div class=\"elementor-container elementor-column-gap-default\">\n\t\t\t\t\t<div class=\"elementor-column elementor-col-100 elementor-top-column elementor-element elementor-element-77409d9a\" data-id=\"77409d9a\" data-element_type=\"column\" data-e-type=\"column\">\n\t\t\t<div class=\"elementor-widget-wrap elementor-element-populated\">\n\t\t\t\t\t\t<div class=\"elementor-element elementor-element-e60747f elementor-widget elementor-widget-text-editor\" data-id=\"e60747f\" data-element_type=\"widget\" data-e-type=\"widget\" data-widget_type=\"text-editor.default\">\n\t\t\t\t<div class=\"elementor-widget-container\">\n\t\t\t\t\t\t\t\t\t<p><span style=\"color: #ffffff;\"><\/span><\/p>\n<h2><span style=\"color: #000000;\"><em><u>Dipl\u00f4mes et Qualifications<\/u><\/em><\/span><\/h2>\n<p><span style=\"color: #000000;\"><\/span><\/p>\n<p><span style=\"color: #000000;\">Je suis dipl\u00f4m\u00e9e d\u2019un Master 2 de l\u2019Universit\u00e9 de Rennes II en Psychologie et Psychopathologie clinique, apr\u00e8s avoir obtenu un Master I\u00a0 en psychologie clinique et sociale \u00e0 l\u2019Universit\u00e9 d\u2019Angers. Cette formation initiale est d\u2019orientation psychodynamique et analytique.<\/span><\/p>\n<p><span style=\"color: #000000;\"><\/span><\/p>\n<p><span style=\"color: #000000;\">Je dispose \u00e9galement d&rsquo;une deuxi\u00e8me formation professionnelle de plusieurs ann\u00e9es en Th\u00e9rapies Cognitives et Comportementales via l&rsquo;Association Fran\u00e7aise de Th\u00e9rapies cognitives et comportementales dont le titre de praticien.ne est reconnu par l&rsquo;Agence R\u00e9gionale de Sant\u00e9. La pratique des TCC est aujourd&rsquo;hui au coeur de ma pratique.<\/span><\/p>\n<p><span style=\"color: #000000;\">En parall\u00e8le,\u00a0 au cours de ma carri\u00e8re professionnelle, j\u2019ai b\u00e9n\u00e9fici\u00e9 de nombreuses formations notamment dans la pratique de l&rsquo;approche motivationnelle\u00a0 ou la prise en charge du risque suicidaire.<\/span><\/p>\n<p><span style=\"color: #000000;\"><\/span><\/p>\n<p><em style=\"font-size: 1.625rem;\"><u>Exp\u00e9riences professionnelles<\/u><\/em><\/p>\n<p><span style=\"color: #000000;\"><\/span><\/p>\n<p><span style=\"color: #000000;\">Une exp\u00e9rience de plusieurs ann\u00e9es dans l\u2019Administration P\u00e9nitentiaire m\u2019a permis d\u2019exercer aupr\u00e8s d\u2019une population particuli\u00e8rement diversifi\u00e9e, touch\u00e9e par des troubles psychiatriques, des troubles de la personnalit\u00e9, mais \u00e9galement par des probl\u00e9matiques de violences (notamment sexuelles et intrafamiliales) ou encore des probl\u00e9matiques d&rsquo;addictions.<\/span><\/p>\n<p><span style=\"color: #000000;\"><\/span><\/p>\n<p><span style=\"color: #000000;\">J\u2019ai \u00e9galement exerc\u00e9 dans le champ de la victimologie \u00e0 l\u2019association Solidarit\u00e9 Femmes 49, en tant que formatrice et psychologue aupr\u00e8s de femmes victimes de violences.<\/span><\/p>\n<p>J&rsquo;ai \u00e9galement \u00e9t\u00e9 charg\u00e9e d&rsquo;enseignement vacataire notamment \u00e0 l&rsquo;Universit\u00e9 d&rsquo;Angers.<\/p>\n<p><span style=\"color: #000000;\"><\/span><\/p>\n<p><span style=\"color: #000000;\">Je pratique aujourd&rsquo;hui au sein de mon cabinet lib\u00e9ral depuis 2021, et ai l&rsquo;exp\u00e9rience de l&rsquo;accompagnement de centaines de patients vers un mieux-\u00eatre.\u00a0<\/span><\/p>\n<p>Toujours en qu\u00eate de diversifier mes comp\u00e9tences, je cherche r\u00e9guli\u00e8rement \u00e0 perfectionner mes pratiques et mes outils.<\/p>\n<h1><span style=\"text-decoration: underline;\"><em>Identifications l\u00e9gales<\/em><\/span><\/h1>\n<p>Num\u00e9ro SIRET 898 084 900 00015<\/p>\n<p>Num\u00e9ro ADELI 499309920<\/p>\n<p>Num\u00e9ro RPPS 10009477489<\/p>\n<p><span style=\"color: #ffffff;\"><\/span><\/p>\t\t\t\t\t\t\t\t<\/div>\n\t\t\t\t<\/div>\n\t\t\t\t\t<\/div>\n\t\t<\/div>\n\t\t\t\t\t<\/div>\n\t\t<\/section>\n\t\t\t\t<\/div>\n\t\t","protected":false},"excerpt":{"rendered":"<p>Dipl\u00f4mes et Qualifications Je suis dipl\u00f4m\u00e9e d\u2019un Master 2 de l\u2019Universit\u00e9 de Rennes II en Psychologie et Psychopathologie clinique, apr\u00e8s avoir obtenu un Master I\u00a0 en psychologie clinique et sociale \u00e0 l\u2019Universit\u00e9 d\u2019Angers. Cette formation initiale est d\u2019orientation psychodynamique et analytique. Je dispose \u00e9galement d&rsquo;une deuxi\u00e8me formation professionnelle de plusieurs ann\u00e9es en Th\u00e9rapies Cognitives et &hellip; <\/p>\n<p class=\"link-more\"><a href=\"https:\/\/martos-psychologue.fr\/?page_id=24\" class=\"more-link\">Continuer la lecture<span class=\"screen-reader-text\"> de &laquo;&nbsp;Pr\u00e9sentation&nbsp;&raquo;<\/span><\/a><\/p>\n","protected":false},"author":1,"featured_media":1918,"parent":0,"menu_order":0,"comment_status":"closed","ping_status":"closed","template":"","meta":{"footnotes":""},"class_list":["post-24","page","type-page","status-publish","has-post-thumbnail","hentry"],"_links":{"self":[{"href":"https:\/\/martos-psychologue.fr\/index.php?rest_route=\/wp\/v2\/pages\/24","targetHints":{"allow":["GET"]}}],"collection":[{"href":"https:\/\/martos-psychologue.fr\/index.php?rest_route=\/wp\/v2\/pages"}],"about":[{"href":"https:\/\/martos-psychologue.fr\/index.php?rest_route=\/wp\/v2\/types\/page"}],"author":[{"embeddable":true,"href":"https:\/\/martos-psychologue.fr\/index.php?rest_route=\/wp\/v2\/users\/1"}],"replies":[{"embeddable":true,"href":"https:\/\/martos-psychologue.fr\/index.php?rest_route=%2Fwp%2Fv2%2Fcomments&post=24"}],"version-history":[{"count":44,"href":"https:\/\/martos-psychologue.fr\/index.php?rest_route=\/wp\/v2\/pages\/24\/revisions"}],"predecessor-version":[{"id":1982,"href":"https:\/\/martos-psychologue.fr\/index.php?rest_route=\/wp\/v2\/pages\/24\/revisions\/1982"}],"wp:featuredmedia":[{"embeddable":true,"href":"https:\/\/martos-psychologue.fr\/index.php?rest_route=\/wp\/v2\/media\/1918"}],"wp:attachment":[{"href":"https:\/\/martos-psychologue.fr\/index.php?rest_route=%2Fwp%2Fv2%2Fmedia&parent=24"}],"curies":[{"name":"wp","href":"https:\/\/api.w.org\/{rel}","templated":true}]}}