{"id":30,"date":"2021-05-01T23:22:38","date_gmt":"2021-05-01T21:22:38","guid":{"rendered":"http:\/\/martos-psychologue.fr\/?page_id=30"},"modified":"2022-11-06T10:50:38","modified_gmt":"2022-11-06T09:50:38","slug":"contact-et-infos-pratiques","status":"publish","type":"page","link":"https:\/\/martos-psychologue.fr\/?page_id=30","title":{"rendered":"Coordonn\u00e9es et infos pratiques"},"content":{"rendered":"\t\t<div data-elementor-type=\"wp-page\" data-elementor-id=\"30\" class=\"elementor elementor-30\">\n\t\t\t\t\t\t<section class=\"elementor-section elementor-top-section elementor-element elementor-element-7e4b4378 elementor-section-boxed elementor-section-height-default elementor-section-height-default\" data-id=\"7e4b4378\" data-element_type=\"section\" data-e-type=\"section\">\n\t\t\t\t\t\t<div class=\"elementor-container elementor-column-gap-default\">\n\t\t\t\t\t<div class=\"elementor-column elementor-col-100 elementor-top-column elementor-element elementor-element-582b7145\" data-id=\"582b7145\" data-element_type=\"column\" data-e-type=\"column\">\n\t\t\t<div class=\"elementor-widget-wrap elementor-element-populated\">\n\t\t\t\t\t\t<div class=\"elementor-element elementor-element-5a3adfb9 elementor-widget elementor-widget-text-editor\" data-id=\"5a3adfb9\" data-element_type=\"widget\" data-e-type=\"widget\" data-widget_type=\"text-editor.default\">\n\t\t\t\t<div class=\"elementor-widget-container\">\n\t\t\t\t\t\t\t\t\t<p><span style=\"color: #ffffff;\"><\/span><\/p>\n<p style=\"text-align: center;\"><span style=\"color: #000000;\"><strong>Le cabinet se situe au 21 rue Paul Bert 49100 Angers<\/strong><\/span><\/p>\n<p><span style=\"color: #000000;\"><strong><u>Prendre rendez-vous<\/u><\/strong><\/span><\/p>\n<p><span style=\"color: #000000;\"><\/span><\/p>\n<p><span style=\"color: #000000;\">&#8211;&nbsp;&nbsp;&nbsp;&nbsp;&nbsp;&nbsp;&nbsp;&nbsp;&nbsp;&nbsp;T\u00e9l\u00e9phone&nbsp;: <a style=\"color: #000000;\" href=\"tel:0783047846\">0783047846<\/a><\/span><\/p>\n<p><span style=\"color: #000000;\"><\/span><\/p>\n<p><span style=\"color: #000000;\">&#8211;&nbsp;&nbsp;&nbsp;&nbsp;&nbsp;&nbsp;&nbsp;&nbsp;&nbsp;&nbsp;Mail&nbsp;: laurenmartos@gmail.com<\/span><\/p>\n<p><span style=\"color: #000000;\"><strong><u>Venir au cabinet :<\/u><\/strong><\/span><\/p>\n<p><span style=\"color: #000000;\"><\/span><\/p>\n<p><span style=\"color: #000000;\">&#8211;&nbsp;&nbsp;&nbsp;&nbsp;&nbsp;&nbsp;&nbsp;&nbsp;&nbsp;&nbsp;Tram et bus&nbsp;: Arr\u00eat Foch-Haras<\/span><\/p>\n<p><span style=\"color: #000000;\"><\/span><\/p>\n<p><span style=\"color: #000000;\">&#8211;&nbsp;&nbsp;&nbsp;&nbsp;&nbsp;&nbsp;&nbsp;&nbsp;&nbsp;&nbsp;Parking \u00e0 proximit\u00e9 :<\/span><\/p>\n<p><span style=\"color: #000000;\"><\/span><\/p>\n<p><span style=\"color: #000000;\">o&nbsp;&nbsp;&nbsp;Haras- Patinoire 1 heure gratuite&nbsp;<\/span><\/p>\n<p><span style=\"color: #000000;\"><\/span><\/p>\n<p><span style=\"color: #000000;\">o&nbsp;&nbsp;&nbsp;Gare Marengo&nbsp; &nbsp;1 heure gratuite le samedi (semaine 30 min gratuites)<\/span><\/p>\n<p><span style=\"color: #000000;\"><\/span><\/p>\n<p><span style=\"color: #000000;\">o&nbsp;&nbsp;&nbsp; Bressigny 1 h gratuite<\/span><\/p>\n<p><span style=\"color: #ffffff;\"><\/span><\/p>\t\t\t\t\t\t\t\t<\/div>\n\t\t\t\t<\/div>\n\t\t\t\t\t<\/div>\n\t\t<\/div>\n\t\t\t\t\t<\/div>\n\t\t<\/section>\n\t\t\t\t<section class=\"elementor-section elementor-top-section elementor-element elementor-element-0d8f935 elementor-section-boxed elementor-section-height-default elementor-section-height-default\" data-id=\"0d8f935\" data-element_type=\"section\" data-e-type=\"section\">\n\t\t\t\t\t\t<div class=\"elementor-container elementor-column-gap-default\">\n\t\t\t\t\t<div class=\"elementor-column elementor-col-100 elementor-top-column elementor-element elementor-element-06107a9\" data-id=\"06107a9\" data-element_type=\"column\" data-e-type=\"column\">\n\t\t\t<div class=\"elementor-widget-wrap elementor-element-populated\">\n\t\t\t\t\t\t<div class=\"elementor-element elementor-element-72e2baf elementor-widget elementor-widget-google_maps\" data-id=\"72e2baf\" data-element_type=\"widget\" data-e-type=\"widget\" data-widget_type=\"google_maps.default\">\n\t\t\t\t<div class=\"elementor-widget-container\">\n\t\t\t\t\t\t\t<div class=\"elementor-custom-embed\">\n\t\t\t<iframe loading=\"lazy\"\n\t\t\t\t\tsrc=\"https:\/\/maps.google.com\/maps?q=21%20rue%20paul%20bert%2049100%20angers&#038;t=m&#038;z=10&#038;output=embed&#038;iwloc=near\"\n\t\t\t\t\ttitle=\"21 rue paul bert 49100 angers\"\n\t\t\t\t\taria-label=\"21 rue paul bert 49100 angers\"\n\t\t\t><\/iframe>\n\t\t<\/div>\n\t\t\t\t\t\t<\/div>\n\t\t\t\t<\/div>\n\t\t\t\t\t<\/div>\n\t\t<\/div>\n\t\t\t\t\t<\/div>\n\t\t<\/section>\n\t\t\t\t<\/div>\n\t\t","protected":false},"excerpt":{"rendered":"<p>Le cabinet se situe au 21 rue Paul Bert 49100 Angers Prendre rendez-vous &#8211;&nbsp;&nbsp;&nbsp;&nbsp;&nbsp;&nbsp;&nbsp;&nbsp;&nbsp;&nbsp;T\u00e9l\u00e9phone&nbsp;: 0783047846 &#8211;&nbsp;&nbsp;&nbsp;&nbsp;&nbsp;&nbsp;&nbsp;&nbsp;&nbsp;&nbsp;Mail&nbsp;: laurenmartos@gmail.com Venir au cabinet : &#8211;&nbsp;&nbsp;&nbsp;&nbsp;&nbsp;&nbsp;&nbsp;&nbsp;&nbsp;&nbsp;Tram et bus&nbsp;: Arr\u00eat Foch-Haras &#8211;&nbsp;&nbsp;&nbsp;&nbsp;&nbsp;&nbsp;&nbsp;&nbsp;&nbsp;&nbsp;Parking \u00e0 proximit\u00e9 : o&nbsp;&nbsp;&nbsp;Haras- Patinoire 1 heure gratuite&nbsp; o&nbsp;&nbsp;&nbsp;Gare Marengo&nbsp; &nbsp;1 heure gratuite le samedi (semaine 30 min gratuites) o&nbsp;&nbsp;&nbsp; Bressigny 1 h gratuite<\/p>\n","protected":false},"author":1,"featured_media":1917,"parent":0,"menu_order":0,"comment_status":"closed","ping_status":"closed","template":"","meta":{"footnotes":""},"class_list":["post-30","page","type-page","status-publish","has-post-thumbnail","hentry"],"_links":{"self":[{"href":"https:\/\/martos-psychologue.fr\/index.php?rest_route=\/wp\/v2\/pages\/30","targetHints":{"allow":["GET"]}}],"collection":[{"href":"https:\/\/martos-psychologue.fr\/index.php?rest_route=\/wp\/v2\/pages"}],"about":[{"href":"https:\/\/martos-psychologue.fr\/index.php?rest_route=\/wp\/v2\/types\/page"}],"author":[{"embeddable":true,"href":"https:\/\/martos-psychologue.fr\/index.php?rest_route=\/wp\/v2\/users\/1"}],"replies":[{"embeddable":true,"href":"https:\/\/martos-psychologue.fr\/index.php?rest_route=%2Fwp%2Fv2%2Fcomments&post=30"}],"version-history":[{"count":30,"href":"https:\/\/martos-psychologue.fr\/index.php?rest_route=\/wp\/v2\/pages\/30\/revisions"}],"predecessor-version":[{"id":1987,"href":"https:\/\/martos-psychologue.fr\/index.php?rest_route=\/wp\/v2\/pages\/30\/revisions\/1987"}],"wp:featuredmedia":[{"embeddable":true,"href":"https:\/\/martos-psychologue.fr\/index.php?rest_route=\/wp\/v2\/media\/1917"}],"wp:attachment":[{"href":"https:\/\/martos-psychologue.fr\/index.php?rest_route=%2Fwp%2Fv2%2Fmedia&parent=30"}],"curies":[{"name":"wp","href":"https:\/\/api.w.org\/{rel}","templated":true}]}}